{"id":18775,"date":"2022-12-14T09:47:05","date_gmt":"2022-12-14T07:47:05","guid":{"rendered":"https:\/\/www.clearsy.com\/?page_id=18775"},"modified":"2023-01-06T10:41:06","modified_gmt":"2023-01-06T08:41:06","slug":"legal-information","status":"publish","type":"page","link":"https:\/\/www.clearsy.com\/en\/legal-information\/","title":{"rendered":"Legal Information"},"content":{"rendered":"<div class=\"wpb-content-wrapper\"><p>[vc_row][vc_column]<div class=\"text-bloc\"><h1 class=\"titre_l-bleu\">Legal information<\/h1>\n<\/div><div class=\"text-bloc\"><h2>Rights and reproduction<\/h2>\n<p>In accordance with the provisions of Article L. 122-4 of the French Intellectual Property Code, any reproduction of all or part of the content of the site is prohibited, regardless of its form (reproduction, nesting, distribution, &#8220;inline linking&#8221; and &#8220;framing&#8221; techniques, etc.). An exception is made for the reproduction of extracts from articles on this site, via RSS feeds that may be made available to readers, on condition that a hypertext link is provided to the original source.<\/p>\n<h2>Responsible for the publication<\/h2>\n<p>This website is published by SAS CLEARSY, whose registered office is located at Parc de la Duranne &#8211; 320 Av. Archim\u00e8de Les Pl\u00e9iades III B\u00e2t. A &#8211; 13100 Aix-en-Provence CEDEX 3, registered in the Aix-en-Provence Trade and Companies Register under the number RCS Aix-en-Provence B 433 901 402 and represented by Thierry SERVAT, president.<\/p>\n<h2>Hosting<\/h2>\n<p>This site is hosted by the company <a href=\"https:\/\/www.jaguar-network.com\/\">Jaguar<\/a> domiciled at 15, rue Paul Brutus 13015 Marseille. This host currently has the personal identification details of the person responsible for publishing the site.<\/p>\n<h2>Personal data<\/h2>\n<p>Registration and connection to the site give rise to the recording of connection information (IP address, pseudonym, e-mail address and website); this data is intended for internal use only, for the identification and qualification of the site&#8217;s customers. Under no circumstances will this data be transferred or sold to third parties.<\/p>\n<p>Any customer reviews that may be registered on this site also result in the registration of connection information (IP address, pseudonym, e-mail address and possibly website), which is not used in any way.<\/p>\n<p>Furthermore, in accordance with articles 38 and 40 of law 2004-801 of 06\/08\/2004, you have the right to access, rectify and delete data concerning you. Contact us if you wish to exercise this right.<\/p>\n<h2>Contact<\/h2>\n<p>If you have any further queries, or if you wish to exercise your right of access to your personal data, please go to our <a href=\"https:\/\/www.clearsy.com\/en\/contact-us\/\">contact page<\/a>.<\/p>\n<h2>Credits<\/h2>\n<p>This website was created using the open-source solution WordPress.<br \/>\nWebsite creation and maintenance: <a href=\"https:\/\/www.matiere-1ere.fr\/\">Mati\u00e8re 1\u00e8re<\/a><br \/>\nGraphic design: <a href=\"http:\/\/hulkette.com\">hulkette.com<\/a><\/p>\n<\/div>[\/vc_column][\/vc_row]<\/p>\n<\/div>","protected":false},"excerpt":{"rendered":"<p>[vc_row][vc_column][\/vc_column][\/vc_row]<\/p>\n","protected":false},"author":17,"featured_media":0,"parent":0,"menu_order":0,"comment_status":"closed","ping_status":"closed","template":"","meta":{"_acf_changed":false,"footnotes":""},"class_list":["post-18775","page","type-page","status-publish","hentry"],"acf":[],"yoast_head":"<!-- This site is optimized with the Yoast SEO plugin v27.1.1 - https:\/\/yoast.com\/product\/yoast-seo-wordpress\/ -->\n<title>Legal Information - CLEARSY<\/title>\n<meta name=\"robots\" content=\"index, follow, max-snippet:-1, max-image-preview:large, max-video-preview:-1\" \/>\n<link rel=\"canonical\" href=\"https:\/\/www.clearsy.com\/en\/legal-information\/\" \/>\n<meta property=\"og:locale\" content=\"en_US\" \/>\n<meta property=\"og:type\" content=\"article\" \/>\n<meta property=\"og:title\" content=\"Legal Information - CLEARSY\" \/>\n<meta property=\"og:description\" content=\"[vc_row][vc_column][\/vc_column][\/vc_row]\" \/>\n<meta property=\"og:url\" content=\"https:\/\/www.clearsy.com\/en\/legal-information\/\" \/>\n<meta property=\"og:site_name\" content=\"CLEARSY\" \/>\n<meta property=\"article:modified_time\" content=\"2023-01-06T08:41:06+00:00\" \/>\n<meta name=\"twitter:card\" content=\"summary_large_image\" \/>\n<meta name=\"twitter:label1\" content=\"Est. reading time\" \/>\n\t<meta name=\"twitter:data1\" content=\"2 minutes\" \/>\n<script type=\"application\/ld+json\" class=\"yoast-schema-graph\">{\"@context\":\"https:\/\/schema.org\",\"@graph\":[{\"@type\":\"WebPage\",\"@id\":\"https:\/\/www.clearsy.com\/en\/legal-information\/\",\"url\":\"https:\/\/www.clearsy.com\/en\/legal-information\/\",\"name\":\"Legal Information - CLEARSY\",\"isPartOf\":{\"@id\":\"https:\/\/www.clearsy.com\/en\/#website\"},\"datePublished\":\"2022-12-14T07:47:05+00:00\",\"dateModified\":\"2023-01-06T08:41:06+00:00\",\"breadcrumb\":{\"@id\":\"https:\/\/www.clearsy.com\/en\/legal-information\/#breadcrumb\"},\"inLanguage\":\"en-US\",\"potentialAction\":[{\"@type\":\"ReadAction\",\"target\":[\"https:\/\/www.clearsy.com\/en\/legal-information\/\"]}]},{\"@type\":\"BreadcrumbList\",\"@id\":\"https:\/\/www.clearsy.com\/en\/legal-information\/#breadcrumb\",\"itemListElement\":[{\"@type\":\"ListItem\",\"position\":1,\"name\":\"Home\",\"item\":\"https:\/\/www.clearsy.com\/en\/\"},{\"@type\":\"ListItem\",\"position\":2,\"name\":\"Legal Information\"}]},{\"@type\":\"WebSite\",\"@id\":\"https:\/\/www.clearsy.com\/en\/#website\",\"url\":\"https:\/\/www.clearsy.com\/en\/\",\"name\":\"CLEARSY\",\"description\":\"Safety Solutions Designer\",\"publisher\":{\"@id\":\"https:\/\/www.clearsy.com\/en\/#organization\"},\"potentialAction\":[{\"@type\":\"SearchAction\",\"target\":{\"@type\":\"EntryPoint\",\"urlTemplate\":\"https:\/\/www.clearsy.com\/en\/?s={search_term_string}\"},\"query-input\":{\"@type\":\"PropertyValueSpecification\",\"valueRequired\":true,\"valueName\":\"search_term_string\"}}],\"inLanguage\":\"en-US\"},{\"@type\":\"Organization\",\"@id\":\"https:\/\/www.clearsy.com\/en\/#organization\",\"name\":\"CLEARSY\",\"url\":\"https:\/\/www.clearsy.com\/en\/\",\"logo\":{\"@type\":\"ImageObject\",\"inLanguage\":\"en-US\",\"@id\":\"https:\/\/www.clearsy.com\/en\/#\/schema\/logo\/image\/\",\"url\":\"https:\/\/www.clearsy.com\/wp-content\/uploads\/2020\/04\/logo-clearsy.svg\",\"contentUrl\":\"https:\/\/www.clearsy.com\/wp-content\/uploads\/2020\/04\/logo-clearsy.svg\",\"width\":652,\"height\":163,\"caption\":\"CLEARSY\"},\"image\":{\"@id\":\"https:\/\/www.clearsy.com\/en\/#\/schema\/logo\/image\/\"}}]}<\/script>\n<!-- \/ Yoast SEO plugin. -->","yoast_head_json":{"title":"Legal Information - CLEARSY","robots":{"index":"index","follow":"follow","max-snippet":"max-snippet:-1","max-image-preview":"max-image-preview:large","max-video-preview":"max-video-preview:-1"},"canonical":"https:\/\/www.clearsy.com\/en\/legal-information\/","og_locale":"en_US","og_type":"article","og_title":"Legal Information - CLEARSY","og_description":"[vc_row][vc_column][\/vc_column][\/vc_row]","og_url":"https:\/\/www.clearsy.com\/en\/legal-information\/","og_site_name":"CLEARSY","article_modified_time":"2023-01-06T08:41:06+00:00","twitter_card":"summary_large_image","twitter_misc":{"Est. reading time":"2 minutes"},"schema":{"@context":"https:\/\/schema.org","@graph":[{"@type":"WebPage","@id":"https:\/\/www.clearsy.com\/en\/legal-information\/","url":"https:\/\/www.clearsy.com\/en\/legal-information\/","name":"Legal Information - CLEARSY","isPartOf":{"@id":"https:\/\/www.clearsy.com\/en\/#website"},"datePublished":"2022-12-14T07:47:05+00:00","dateModified":"2023-01-06T08:41:06+00:00","breadcrumb":{"@id":"https:\/\/www.clearsy.com\/en\/legal-information\/#breadcrumb"},"inLanguage":"en-US","potentialAction":[{"@type":"ReadAction","target":["https:\/\/www.clearsy.com\/en\/legal-information\/"]}]},{"@type":"BreadcrumbList","@id":"https:\/\/www.clearsy.com\/en\/legal-information\/#breadcrumb","itemListElement":[{"@type":"ListItem","position":1,"name":"Home","item":"https:\/\/www.clearsy.com\/en\/"},{"@type":"ListItem","position":2,"name":"Legal Information"}]},{"@type":"WebSite","@id":"https:\/\/www.clearsy.com\/en\/#website","url":"https:\/\/www.clearsy.com\/en\/","name":"CLEARSY","description":"Safety Solutions Designer","publisher":{"@id":"https:\/\/www.clearsy.com\/en\/#organization"},"potentialAction":[{"@type":"SearchAction","target":{"@type":"EntryPoint","urlTemplate":"https:\/\/www.clearsy.com\/en\/?s={search_term_string}"},"query-input":{"@type":"PropertyValueSpecification","valueRequired":true,"valueName":"search_term_string"}}],"inLanguage":"en-US"},{"@type":"Organization","@id":"https:\/\/www.clearsy.com\/en\/#organization","name":"CLEARSY","url":"https:\/\/www.clearsy.com\/en\/","logo":{"@type":"ImageObject","inLanguage":"en-US","@id":"https:\/\/www.clearsy.com\/en\/#\/schema\/logo\/image\/","url":"https:\/\/www.clearsy.com\/wp-content\/uploads\/2020\/04\/logo-clearsy.svg","contentUrl":"https:\/\/www.clearsy.com\/wp-content\/uploads\/2020\/04\/logo-clearsy.svg","width":652,"height":163,"caption":"CLEARSY"},"image":{"@id":"https:\/\/www.clearsy.com\/en\/#\/schema\/logo\/image\/"}}]}},"_links":{"self":[{"href":"https:\/\/www.clearsy.com\/en\/wp-json\/wp\/v2\/pages\/18775","targetHints":{"allow":["GET"]}}],"collection":[{"href":"https:\/\/www.clearsy.com\/en\/wp-json\/wp\/v2\/pages"}],"about":[{"href":"https:\/\/www.clearsy.com\/en\/wp-json\/wp\/v2\/types\/page"}],"author":[{"embeddable":true,"href":"https:\/\/www.clearsy.com\/en\/wp-json\/wp\/v2\/users\/17"}],"replies":[{"embeddable":true,"href":"https:\/\/www.clearsy.com\/en\/wp-json\/wp\/v2\/comments?post=18775"}],"version-history":[{"count":2,"href":"https:\/\/www.clearsy.com\/en\/wp-json\/wp\/v2\/pages\/18775\/revisions"}],"predecessor-version":[{"id":18787,"href":"https:\/\/www.clearsy.com\/en\/wp-json\/wp\/v2\/pages\/18775\/revisions\/18787"}],"wp:attachment":[{"href":"https:\/\/www.clearsy.com\/en\/wp-json\/wp\/v2\/media?parent=18775"}],"curies":[{"name":"wp","href":"https:\/\/api.w.org\/{rel}","templated":true}]}}